{"id":911,"date":"2016-01-11T11:06:41","date_gmt":"2016-01-11T10:06:41","guid":{"rendered":"https:\/\/www2.bbs-me.de\/?page_id=911"},"modified":"2021-01-04T14:53:48","modified_gmt":"2021-01-04T13:53:48","slug":"team-produktdesignersystemplaner","status":"publish","type":"page","link":"https:\/\/www2.bbs-me.de\/index.php\/berufsschule-metalltechnik\/team-produktdesignersystemplaner\/","title":{"rendered":"Produktdesigner\/Systemplaner"},"content":{"rendered":"<div id='av_section_1'  class='avia-section main_color avia-section-no-padding avia-no-border-styling  avia-full-stretch av-section-color-overlay-active avia-bg-style-scroll  avia-builder-el-0  el_before_av_two_third  avia-builder-el-first   av-minimum-height av-minimum-height-25  container_wrap sidebar_right' style='background-repeat: no-repeat; background-image: url(https:\/\/www2.bbs-me.de\/wp-content\/uploads\/2021\/01\/banner_tpd_tsp_blue-1030x431.png);background-attachment: scroll; background-position: top center;  '  data-section-bg-repeat='stretch' data-av_minimum_height_pc='25'><div class='av-section-color-overlay-wrap'><div class='av-section-color-overlay' style='opacity: 0.5; background-image: url(https:\/\/www2.bbs-me.de\/wp-content\/uploads\/2021\/01\/banner_tpd_tsp-1030x431.png); background-repeat: repeat;'><\/div><div class='container' ><main  role=\"main\" itemprop=\"mainContentOfPage\"  class='template-page content  av-content-small alpha units'><div class='post-entry post-entry-type-page post-entry-911'><div class='entry-content-wrapper clearfix'><\/div><\/div><\/main><!-- close content main element --><\/div><\/div><\/div><div id='after_section_1'  class='main_color av_default_container_wrap container_wrap sidebar_right' style=' '  ><div class='container' ><div class='template-page content  av-content-small alpha units'><div class='post-entry post-entry-type-page post-entry-911'><div class='entry-content-wrapper clearfix'>\n<div class=\"flex_column av_two_third  flex_column_div first  avia-builder-el-1  el_after_av_section  el_before_av_one_third  avia-builder-el-first  \" ><p><section class=\"av_textblock_section \"  itemscope=\"itemscope\" itemtype=\"https:\/\/schema.org\/CreativeWork\" ><div class='avia_textblock  '  style='font-size:34px; '  itemprop=\"text\" ><p><span style=\"color: #000000;\">Bildungsganggruppe<\/span><\/p>\n<p><a href=\"https:\/\/www2.bbs-me.de\/index.php\/berufsschule-metalltechnik\/team-produktdesignersystemplaner\/technische-produktdesigner-3\/\" target=\"_blank\" rel=\"noopener\">Technische Produktdesignerinnen \/ Produktdesigner<\/a><\/p>\n<p><a href=\"https:\/\/www2.bbs-me.de\/index.php\/berufsschule-metalltechnik\/team-produktdesignersystemplaner\/technische-systemplaner\/\" target=\"_blank\" rel=\"noopener\">Technische Systemplanerinnen \/ Systemplaner<\/a><\/p>\n<\/div><\/section><br \/>\n<section class=\"av_textblock_section \"  itemscope=\"itemscope\" itemtype=\"https:\/\/schema.org\/CreativeWork\" ><div class='avia_textblock  '  style='font-size:16px; '  itemprop=\"text\" ><p>An der BBS-ME werden die gestalterischen Berufe Technische\/r Produktdesigner\/in und Technische\/r Systemplaner\/in mit insgesamt 5 Fachrichtungen unterrichtet. Der Unterricht ist so angelegt, dass nach einer soliden Vermittlung von Grundkenntnissen realistische Projekte aus der Arbeitswelt folgen, die in Kooperation mit Ausbildungsbetrieben entstanden sind und fortlaufend aktualisiert werden.<\/p>\n<p>Wir arbeiten an modernen PC-Arbeitspl\u00e4tzen mit den aktuellen Versionen von 2D- und 3D-CAD-Software von mehreren f\u00fchrenden Herstellern.<\/p>\n<\/div><\/section><br \/>\n<div  style='height:50px' class='hr hr-invisible   avia-builder-el-4  el_after_av_textblock  el_before_av_icon_box '><span class='hr-inner ' ><span class='hr-inner-style'><\/span><\/span><\/div><br \/>\n<article  class=\"iconbox iconbox_left    avia-builder-el-5  el_after_av_hr  el_before_av_icon_box  \"  itemscope=\"itemscope\" itemtype=\"https:\/\/schema.org\/CreativeWork\" ><div class=\"iconbox_content\"><header class=\"entry-content-header\"><a href='https:\/\/www2.bbs-me.de\/index.php\/berufsschule-metalltechnik\/team-produktdesignersystemplaner\/technische-produktdesigner-3\/' title='Produktdesign'  target=\"_blank\"  class=\"iconbox_icon heading-color\" aria-hidden='true' data-av_icon='\ue871' data-av_iconfont='entypo-fontello'  ><\/a><h3 class='iconbox_content_title  '  itemprop=\"headline\"  ><a href='https:\/\/www2.bbs-me.de\/index.php\/berufsschule-metalltechnik\/team-produktdesignersystemplaner\/technische-produktdesigner-3\/' title='Produktdesign'  target=\"_blank\" >Produktdesign<\/a><\/h3><\/header><div class='iconbox_content_container  '  itemprop=\"text\"  ><\/div><\/div><footer class=\"entry-footer\"><\/footer><\/article><br \/>\n<article  class=\"iconbox iconbox_left    avia-builder-el-6  el_after_av_icon_box  avia-builder-el-last  \"  itemscope=\"itemscope\" itemtype=\"https:\/\/schema.org\/CreativeWork\" ><div class=\"iconbox_content\"><header class=\"entry-content-header\"><a href='https:\/\/www2.bbs-me.de\/index.php\/berufsschule-metalltechnik\/team-produktdesignersystemplaner\/technische-systemplaner\/' title='Systemplanung'  target=\"_blank\"  class=\"iconbox_icon heading-color\" aria-hidden='true' data-av_icon='\ue871' data-av_iconfont='entypo-fontello'  ><\/a><h3 class='iconbox_content_title  '  itemprop=\"headline\"  ><a href='https:\/\/www2.bbs-me.de\/index.php\/berufsschule-metalltechnik\/team-produktdesignersystemplaner\/technische-systemplaner\/' title='Systemplanung'  target=\"_blank\" >Systemplanung<\/a><\/h3><\/header><div class='iconbox_content_container  '  itemprop=\"text\"  ><\/div><\/div><footer class=\"entry-footer\"><\/footer><\/article><\/p><\/div><div class=\"flex_column av_one_third  flex_column_div av-zero-column-padding   avia-builder-el-7  el_after_av_two_third  el_before_av_hr  \" style='border-radius:0px; '><\/div><\/p>\n<div  style='height:50px' class='hr hr-invisible   avia-builder-el-9  el_after_av_one_third  el_before_av_section  avia-builder-el-last '><span class='hr-inner ' ><span class='hr-inner-style'><\/span><\/span><\/div>\n<\/div><\/div><\/div><!-- close content main div --><\/div><\/div><div id='more-information'  class='avia-section alternate_color avia-section-default avia-no-shadow  avia-bg-style-scroll  avia-builder-el-10  el_after_av_hr  el_before_av_hr   container_wrap sidebar_right' style=' '  ><div class='container' ><div class='template-page content  av-content-small alpha units'><div class='post-entry post-entry-type-page post-entry-911'><div class='entry-content-wrapper clearfix'>\n<div  style='padding-bottom:10px; font-size:25px;' class='av-special-heading av-special-heading-h3  blockquote modern-quote  avia-builder-el-11  el_before_av_one_half  avia-builder-el-first  av-inherit-size '><h3 class='av-special-heading-tag '  itemprop=\"headline\"  >Weitere Informationen<\/h3><div class='special-heading-border'><div class='special-heading-inner-border' ><\/div><\/div><\/div>\n<div class=\"flex_column av_one_half  flex_column_div first  avia-builder-el-12  el_after_av_heading  el_before_av_one_half  \" ><div  class='av-catalogue-container   avia-builder-el-13  avia-builder-el-no-sibling '><ul class='av-catalogue-list'>\n<li><a href='https:\/\/www2.bbs-me.de\/index.php\/berufsschule-metalltechnik\/team-produktdesignersystemplaner\/technische-produktdesigner-3\/'  target=\"_blank\"  class='av-catalogue-item'><img src='https:\/\/www2.bbs-me.de\/wp-content\/uploads\/2016\/01\/document-arrow-right-icon-180x180.png' title='' alt='' class='av-catalogue-image' \/><div class='av-catalogue-item-inner'><div class='av-catalogue-title-container'><div class='av-catalogue-title'>Technische Produktdesigner<\/div><div class='av-catalogue-price'><\/div><\/div><div class=\"av-catalogue-content\">\nBBS-ME<br \/>\n<\/div><\/div><\/a><\/li>\n<li><a href='https:\/\/www2.bbs-me.de\/index.php\/berufsschule-metalltechnik\/team-produktdesignersystemplaner\/technische-systemplaner\/'  target=\"_blank\"  class='av-catalogue-item'><img src='https:\/\/www2.bbs-me.de\/wp-content\/uploads\/2016\/01\/document-arrow-right-icon-180x180.png' title='' alt='' class='av-catalogue-image' \/><div class='av-catalogue-item-inner'><div class='av-catalogue-title-container'><div class='av-catalogue-title'>Technische Systemplaner<\/div><div class='av-catalogue-price'><\/div><\/div><div class=\"av-catalogue-content\">\nBBS-ME<br \/>\n<\/div><\/div><\/a><\/li>\n<li><a href='https:\/\/www2.bbs-me.de\/index.php\/berufsschule-metalltechnik\/team-produktdesignersystemplaner\/lehrkraefte-produktdesignersystemplaner\/'  target=\"_blank\"  class='av-catalogue-item'><img src='https:\/\/www2.bbs-me.de\/wp-content\/uploads\/2016\/01\/document-arrow-right-icon-180x180.png' title='' alt='' class='av-catalogue-image' \/><div class='av-catalogue-item-inner'><div class='av-catalogue-title-container'><div class='av-catalogue-title'>Lehrkr\u00e4fte<\/div><div class='av-catalogue-price'><\/div><\/div><div class=\"av-catalogue-content\">\nBBS-ME<br \/>\n<\/div><\/div><\/a><\/li>\n<li><a href='https:\/\/www2.bbs-me.de\/index.php\/berufsschule-metalltechnik\/team-produktdesignersystemplaner\/produktdesigner-systemplaner-unterrichtstage\/'  target=\"_blank\"  class='av-catalogue-item'><img src='https:\/\/www2.bbs-me.de\/wp-content\/uploads\/2016\/01\/document-arrow-right-icon-180x180.png' title='' alt='' class='av-catalogue-image' \/><div class='av-catalogue-item-inner'><div class='av-catalogue-title-container'><div class='av-catalogue-title'>Unterrichtstage<\/div><div class='av-catalogue-price'><\/div><\/div><div class=\"av-catalogue-content\">\nBBS-ME<br \/>\n<\/div><\/div><\/a><\/li>\n<\/ul><\/div><\/div><div class=\"flex_column av_one_half  flex_column_div av-zero-column-padding   avia-builder-el-14  el_after_av_one_half  avia-builder-el-last  \" style='border-radius:0px; '><div  class='av-catalogue-container   avia-builder-el-15  avia-builder-el-no-sibling '><ul class='av-catalogue-list'>\n<li><a href='http:\/\/www.autodesk.de\/'  class='av-catalogue-item'><img src='https:\/\/www2.bbs-me.de\/wp-content\/uploads\/2016\/01\/globe.png' title='' alt='' class='av-catalogue-image' \/><div class='av-catalogue-item-inner'><div class='av-catalogue-title-container'><div class='av-catalogue-title'>Autodesk<\/div><div class='av-catalogue-price'><\/div><\/div><div class=\"av-catalogue-content\">\nHersteller von Zeichen-, Konstruktions- und Designsoftware<br \/>\n<\/div><\/div><\/a><\/li>\n<li><a href='https:\/\/www.autodesk.de\/education\/country-gateway'  class='av-catalogue-item'><img src='https:\/\/www2.bbs-me.de\/wp-content\/uploads\/2016\/01\/globe.png' title='' alt='' class='av-catalogue-image' \/><div class='av-catalogue-item-inner'><div class='av-catalogue-title-container'><div class='av-catalogue-title'>Autodesk Education Community<\/div><div class='av-catalogue-price'><\/div><\/div><div class=\"av-catalogue-content\">\nWebsite f\u00fcr der Fa. Autodesk f\u00fcr Sch\u00fcler und Studenten<br \/>\n<\/div><\/div><\/a><\/li>\n<li><a href='http:\/\/www.augce.de\/'  class='av-catalogue-item'><img src='https:\/\/www2.bbs-me.de\/wp-content\/uploads\/2016\/01\/globe.png' title='' alt='' class='av-catalogue-image' \/><div class='av-catalogue-item-inner'><div class='av-catalogue-title-container'><div class='av-catalogue-title'>AUGCE<\/div><div class='av-catalogue-price'><\/div><\/div><div class=\"av-catalogue-content\">\nAutodesk-Anwenderforum<br \/>\n<\/div><\/div><\/a><\/li>\n<li><a href='http:\/\/www.cad.de\/'  class='av-catalogue-item'><img src='https:\/\/www2.bbs-me.de\/wp-content\/uploads\/2016\/01\/globe.png' title='' alt='' class='av-catalogue-image' \/><div class='av-catalogue-item-inner'><div class='av-catalogue-title-container'><div class='av-catalogue-title'>CAD.de<\/div><div class='av-catalogue-price'><\/div><\/div><div class=\"av-catalogue-content\">\nCAD-Anwenderforum<br \/>\n<\/div><\/div><\/a><\/li>\n<li><a href='http:\/\/www.tzinfo.de\/'  class='av-catalogue-item'><img src='https:\/\/www2.bbs-me.de\/wp-content\/uploads\/2016\/01\/globe.png' title='' alt='' class='av-catalogue-image' \/><div class='av-catalogue-item-inner'><div class='av-catalogue-title-container'><div class='av-catalogue-title'>tzinfo<\/div><div class='av-catalogue-price'><\/div><\/div><div class=\"av-catalogue-content\">\nInformationen rund ums Technische Zeichnen<br \/>\n<\/div><\/div><\/a><\/li>\n<li><a href='http:\/\/www.hannover.ihk.de\/'  class='av-catalogue-item'><img src='https:\/\/www2.bbs-me.de\/wp-content\/uploads\/2016\/01\/globe.png' title='' alt='' class='av-catalogue-image' \/><div class='av-catalogue-item-inner'><div class='av-catalogue-title-container'><div class='av-catalogue-title'>IHK Hannover<\/div><div class='av-catalogue-price'><\/div><\/div><div class=\"av-catalogue-content\">\nIndustrie- und Handelskammer Hannover<br \/>\n<\/div><\/div><\/a><\/li>\n<\/ul><\/div><\/div><\/div><\/div><\/div><!-- close content main div --><\/div><\/div><div id='after_section_2'  class='main_color av_default_container_wrap container_wrap sidebar_right' style=' '  ><div class='container' ><div class='template-page content  av-content-small alpha units'><div class='post-entry post-entry-type-page post-entry-911'><div class='entry-content-wrapper clearfix'><div  style='height:50px' class='hr hr-invisible   avia-builder-el-16  el_after_av_section  el_before_av_one_full  avia-builder-el-first '><span class='hr-inner ' ><span class='hr-inner-style'><\/span><\/span><\/div><\/p>\n<div class=\"flex_column av_one_full  flex_column_div av-zero-column-padding first  avia-builder-el-17  el_after_av_hr  el_before_av_hr  \" style='border-radius:0px; '><section class=\"av_textblock_section \"  itemscope=\"itemscope\" itemtype=\"https:\/\/schema.org\/CreativeWork\" ><div class='avia_textblock  '   itemprop=\"text\" ><h3>News f\u00fcr Produktdesign und Systemplanung<\/h3>\n<\/div><\/section><br \/>\n<\/p><\/div>\n<div  style='height:50px' class='hr hr-invisible   avia-builder-el-20  el_after_av_one_full  el_before_av_textblock '><span class='hr-inner ' ><span class='hr-inner-style'><\/span><\/span><\/div>\n<section class=\"av_textblock_section \"  itemscope=\"itemscope\" itemtype=\"https:\/\/schema.org\/CreativeWork\" ><div class='avia_textblock  '   itemprop=\"text\" ><p style=\"font-size: 10px;\">Header image: adapted photo by ThisisEngineering RAEng on Unsplash<\/p>\n<\/div><\/section>\n","protected":false},"excerpt":{"rendered":"","protected":false},"author":24,"featured_media":0,"parent":6148,"menu_order":0,"comment_status":"closed","ping_status":"closed","template":"","meta":{"footnotes":""},"page_category":[44,43],"yoast_head":"<!-- This site is optimized with the Yoast SEO plugin v22.8 - https:\/\/yoast.com\/wordpress\/plugins\/seo\/ -->\n<title>Produktdesigner\/Systemplaner - bbs|me<\/title>\n<meta name=\"robots\" content=\"index, follow, max-snippet:-1, max-image-preview:large, max-video-preview:-1\" \/>\n<link rel=\"canonical\" href=\"https:\/\/www2.bbs-me.de\/index.php\/berufsschule-metalltechnik\/team-produktdesignersystemplaner\/\" \/>\n<meta property=\"og:locale\" content=\"de_DE\" \/>\n<meta property=\"og:type\" content=\"article\" \/>\n<meta property=\"og:title\" content=\"Produktdesigner\/Systemplaner - bbs|me\" \/>\n<meta property=\"og:url\" content=\"https:\/\/www2.bbs-me.de\/index.php\/berufsschule-metalltechnik\/team-produktdesignersystemplaner\/\" \/>\n<meta property=\"og:site_name\" content=\"bbs|me\" \/>\n<meta property=\"article:modified_time\" content=\"2021-01-04T13:53:48+00:00\" \/>\n<meta name=\"twitter:card\" content=\"summary_large_image\" \/>\n<meta name=\"twitter:label1\" content=\"Gesch\u00e4tzte Lesezeit\" \/>\n\t<meta name=\"twitter:data1\" content=\"7\u00a0Minuten\" \/>\n<script type=\"application\/ld+json\" class=\"yoast-schema-graph\">{\"@context\":\"https:\/\/schema.org\",\"@graph\":[{\"@type\":\"WebPage\",\"@id\":\"https:\/\/www2.bbs-me.de\/index.php\/berufsschule-metalltechnik\/team-produktdesignersystemplaner\/\",\"url\":\"https:\/\/www2.bbs-me.de\/index.php\/berufsschule-metalltechnik\/team-produktdesignersystemplaner\/\",\"name\":\"Produktdesigner\/Systemplaner - bbs|me\",\"isPartOf\":{\"@id\":\"https:\/\/www2.bbs-me.de\/#website\"},\"datePublished\":\"2016-01-11T10:06:41+00:00\",\"dateModified\":\"2021-01-04T13:53:48+00:00\",\"breadcrumb\":{\"@id\":\"https:\/\/www2.bbs-me.de\/index.php\/berufsschule-metalltechnik\/team-produktdesignersystemplaner\/#breadcrumb\"},\"inLanguage\":\"de\",\"potentialAction\":[{\"@type\":\"ReadAction\",\"target\":[\"https:\/\/www2.bbs-me.de\/index.php\/berufsschule-metalltechnik\/team-produktdesignersystemplaner\/\"]}]},{\"@type\":\"BreadcrumbList\",\"@id\":\"https:\/\/www2.bbs-me.de\/index.php\/berufsschule-metalltechnik\/team-produktdesignersystemplaner\/#breadcrumb\",\"itemListElement\":[{\"@type\":\"ListItem\",\"position\":1,\"name\":\"Startseite\",\"item\":\"https:\/\/www2.bbs-me.de\/\"},{\"@type\":\"ListItem\",\"position\":2,\"name\":\"Berufsschule Metalltechnik\",\"item\":\"https:\/\/www2.bbs-me.de\/index.php\/berufsschule-metalltechnik\/\"},{\"@type\":\"ListItem\",\"position\":3,\"name\":\"Produktdesigner\/Systemplaner\"}]},{\"@type\":\"WebSite\",\"@id\":\"https:\/\/www2.bbs-me.de\/#website\",\"url\":\"https:\/\/www2.bbs-me.de\/\",\"name\":\"bbs|me\",\"description\":\"Otto-Brenner-Schule - Berufsbildende Schule Metalltechnik \u2022 Elektrotechnik der Region Hannover\",\"potentialAction\":[{\"@type\":\"SearchAction\",\"target\":{\"@type\":\"EntryPoint\",\"urlTemplate\":\"https:\/\/www2.bbs-me.de\/?s={search_term_string}\"},\"query-input\":\"required name=search_term_string\"}],\"inLanguage\":\"de\"}]}<\/script>\n<!-- \/ Yoast SEO plugin. -->","yoast_head_json":{"title":"Produktdesigner\/Systemplaner - bbs|me","robots":{"index":"index","follow":"follow","max-snippet":"max-snippet:-1","max-image-preview":"max-image-preview:large","max-video-preview":"max-video-preview:-1"},"canonical":"https:\/\/www2.bbs-me.de\/index.php\/berufsschule-metalltechnik\/team-produktdesignersystemplaner\/","og_locale":"de_DE","og_type":"article","og_title":"Produktdesigner\/Systemplaner - bbs|me","og_url":"https:\/\/www2.bbs-me.de\/index.php\/berufsschule-metalltechnik\/team-produktdesignersystemplaner\/","og_site_name":"bbs|me","article_modified_time":"2021-01-04T13:53:48+00:00","twitter_card":"summary_large_image","twitter_misc":{"Gesch\u00e4tzte Lesezeit":"7\u00a0Minuten"},"schema":{"@context":"https:\/\/schema.org","@graph":[{"@type":"WebPage","@id":"https:\/\/www2.bbs-me.de\/index.php\/berufsschule-metalltechnik\/team-produktdesignersystemplaner\/","url":"https:\/\/www2.bbs-me.de\/index.php\/berufsschule-metalltechnik\/team-produktdesignersystemplaner\/","name":"Produktdesigner\/Systemplaner - bbs|me","isPartOf":{"@id":"https:\/\/www2.bbs-me.de\/#website"},"datePublished":"2016-01-11T10:06:41+00:00","dateModified":"2021-01-04T13:53:48+00:00","breadcrumb":{"@id":"https:\/\/www2.bbs-me.de\/index.php\/berufsschule-metalltechnik\/team-produktdesignersystemplaner\/#breadcrumb"},"inLanguage":"de","potentialAction":[{"@type":"ReadAction","target":["https:\/\/www2.bbs-me.de\/index.php\/berufsschule-metalltechnik\/team-produktdesignersystemplaner\/"]}]},{"@type":"BreadcrumbList","@id":"https:\/\/www2.bbs-me.de\/index.php\/berufsschule-metalltechnik\/team-produktdesignersystemplaner\/#breadcrumb","itemListElement":[{"@type":"ListItem","position":1,"name":"Startseite","item":"https:\/\/www2.bbs-me.de\/"},{"@type":"ListItem","position":2,"name":"Berufsschule Metalltechnik","item":"https:\/\/www2.bbs-me.de\/index.php\/berufsschule-metalltechnik\/"},{"@type":"ListItem","position":3,"name":"Produktdesigner\/Systemplaner"}]},{"@type":"WebSite","@id":"https:\/\/www2.bbs-me.de\/#website","url":"https:\/\/www2.bbs-me.de\/","name":"bbs|me","description":"Otto-Brenner-Schule - Berufsbildende Schule Metalltechnik \u2022 Elektrotechnik der Region Hannover","potentialAction":[{"@type":"SearchAction","target":{"@type":"EntryPoint","urlTemplate":"https:\/\/www2.bbs-me.de\/?s={search_term_string}"},"query-input":"required name=search_term_string"}],"inLanguage":"de"}]}},"publishpress_future_action":{"enabled":false,"date":"2026-04-12 20:28:07","action":"change-status","newStatus":"draft","terms":[],"taxonomy":"page_category"},"_links":{"self":[{"href":"https:\/\/www2.bbs-me.de\/index.php\/wp-json\/wp\/v2\/pages\/911"}],"collection":[{"href":"https:\/\/www2.bbs-me.de\/index.php\/wp-json\/wp\/v2\/pages"}],"about":[{"href":"https:\/\/www2.bbs-me.de\/index.php\/wp-json\/wp\/v2\/types\/page"}],"author":[{"embeddable":true,"href":"https:\/\/www2.bbs-me.de\/index.php\/wp-json\/wp\/v2\/users\/24"}],"replies":[{"embeddable":true,"href":"https:\/\/www2.bbs-me.de\/index.php\/wp-json\/wp\/v2\/comments?post=911"}],"version-history":[{"count":78,"href":"https:\/\/www2.bbs-me.de\/index.php\/wp-json\/wp\/v2\/pages\/911\/revisions"}],"predecessor-version":[{"id":20779,"href":"https:\/\/www2.bbs-me.de\/index.php\/wp-json\/wp\/v2\/pages\/911\/revisions\/20779"}],"up":[{"embeddable":true,"href":"https:\/\/www2.bbs-me.de\/index.php\/wp-json\/wp\/v2\/pages\/6148"}],"wp:attachment":[{"href":"https:\/\/www2.bbs-me.de\/index.php\/wp-json\/wp\/v2\/media?parent=911"}],"wp:term":[{"taxonomy":"page_category","embeddable":true,"href":"https:\/\/www2.bbs-me.de\/index.php\/wp-json\/wp\/v2\/page_category?post=911"}],"curies":[{"name":"wp","href":"https:\/\/api.w.org\/{rel}","templated":true}]}}