{"id":9755,"date":"2017-01-20T08:32:29","date_gmt":"2017-01-20T07:32:29","guid":{"rendered":"https:\/\/www2.bbs-me.de\/?page_id=9755"},"modified":"2024-11-10T12:50:15","modified_gmt":"2024-11-10T11:50:15","slug":"berufliches-gymnasium-2-2-2","status":"publish","type":"page","link":"https:\/\/www2.bbs-me.de\/index.php\/berufliches-gymnasium-3\/berufliches-gymnasium-2-2-2\/","title":{"rendered":"Berufliches Gymnasium Technik &#8211; Schwerpunkte"},"content":{"rendered":"<div id='av-layout-grid-1'  class='av-layout-grid-container entry-content-wrapper header_color av-flex-cells     avia-builder-el-0  el_before_av_layout_row  avia-builder-el-first  container_wrap sidebar_right' style=' '  >\n<div class=\"flex_cell no_margin av_one_full  avia-builder-el-1  avia-builder-el-no-sibling   \"  style='vertical-align:top; padding:30px; ' ><div class='flex_cell_inner' ><section class=\"av_textblock_section \"  itemscope=\"itemscope\" itemtype=\"https:\/\/schema.org\/CreativeWork\" ><div class='avia_textblock  '  style='font-size:24px; '  itemprop=\"text\" ><p><strong>Berufliches Gymnasium Technik<br \/>\n<\/strong><\/p>\n<\/div><\/section>\n<\/div><\/div>\n<\/div>\n<div id='av-layout-grid-2'  class='av-layout-grid-container entry-content-wrapper main_color av-flex-cells     avia-builder-el-3  el_after_av_layout_row  el_before_av_layout_row  submenu-not-first container_wrap sidebar_right' style=' '  >\n<div class=\"flex_cell no_margin av_one_full  avia-builder-el-4  avia-builder-el-no-sibling   \"  style='vertical-align:top; padding:30px; background-color:#cd853f; ' ><div class='flex_cell_inner' ><article  class=\"iconbox iconbox_left_content    avia-builder-el-5  avia-builder-el-no-sibling  \"  itemscope=\"itemscope\" itemtype=\"https:\/\/schema.org\/CreativeWork\" ><div class=\"iconbox_icon heading-color\" aria-hidden='true' data-av_icon='\ue8d9' data-av_iconfont='entypo-fontello'  style='background-color:#ffffff; color:#dd3333; ' ><\/div><div class=\"iconbox_content\"><header class=\"entry-content-header\"><h3 class='iconbox_content_title  '  itemprop=\"headline\"   style='color:#ffffff; '>Alles zu unseren Technikschwerpunkten<\/h3><\/header><div class='iconbox_content_container  '  itemprop=\"text\"  ><\/div><\/div><footer class=\"entry-footer\"><\/footer><\/article>\n<\/div><\/div>\n<\/div>\n<div id='av-layout-grid-3'  class='av-layout-grid-container entry-content-wrapper main_color av-flex-cells     avia-builder-el-6  el_after_av_layout_row  el_before_av_layout_row  submenu-not-first container_wrap sidebar_right' style=' '  >\n<div class=\"flex_cell no_margin av_one_fourth  avia-builder-el-7  el_before_av_cell_one_fourth  avia-builder-el-first   \"  style='vertical-align:top; padding:30px; ' ><div class='flex_cell_inner' ><article  class=\"iconbox iconbox_left    avia-builder-el-8  avia-builder-el-no-sibling  \"  itemscope=\"itemscope\" itemtype=\"https:\/\/schema.org\/CreativeWork\" ><div class=\"iconbox_content\"><header class=\"entry-content-header\"><a href='https:\/\/www2.bbs-me.de\/index.php\/berufliches-gymnasium-3-2-2\/' title='Elektrotechnik'  class=\"iconbox_icon heading-color\" aria-hidden='true' data-av_icon='\ue864' data-av_iconfont='entypo-fontello'  style='color:#ea31a0; ' ><\/a><h3 class='iconbox_content_title  '  itemprop=\"headline\"  ><a href='https:\/\/www2.bbs-me.de\/index.php\/berufliches-gymnasium-3-2-2\/' title='Elektrotechnik' >Elektrotechnik<\/a><\/h3><\/header><div class='iconbox_content_container  '  itemprop=\"text\"  ><\/div><\/div><footer class=\"entry-footer\"><\/footer><\/article>\n<\/div><\/div><div class=\"flex_cell no_margin av_one_fourth  avia-builder-el-9  el_after_av_cell_one_fourth  el_before_av_cell_one_fourth   \"  style='vertical-align:top; padding:30px; ' ><div class='flex_cell_inner' ><article  class=\"iconbox iconbox_left    avia-builder-el-10  avia-builder-el-no-sibling  \"  itemscope=\"itemscope\" itemtype=\"https:\/\/schema.org\/CreativeWork\" ><div class=\"iconbox_content\"><header class=\"entry-content-header\"><a href='https:\/\/www2.bbs-me.de\/index.php\/berufliches-gymnasium-3\/berufliches-gymnasium-2-2-3\/' title='Gestaltungs- und Medientechnik'  class=\"iconbox_icon heading-color\" aria-hidden='true' data-av_icon='\ue80f' data-av_iconfont='entypo-fontello'  style='color:#072291; ' ><\/a><h3 class='iconbox_content_title  '  itemprop=\"headline\"  ><a href='https:\/\/www2.bbs-me.de\/index.php\/berufliches-gymnasium-3\/berufliches-gymnasium-2-2-3\/' title='Gestaltungs- und Medientechnik' >Gestaltungs- und Medientechnik<\/a><\/h3><\/header><div class='iconbox_content_container  '  itemprop=\"text\"  ><\/div><\/div><footer class=\"entry-footer\"><\/footer><\/article>\n<\/div><\/div><div class=\"flex_cell no_margin av_one_fourth  avia-builder-el-11  el_after_av_cell_one_fourth  el_before_av_cell_one_fourth   \"  style='vertical-align:top; padding:30px; ' ><div class='flex_cell_inner' ><article  class=\"iconbox iconbox_left    avia-builder-el-12  avia-builder-el-no-sibling  \"  itemscope=\"itemscope\" itemtype=\"https:\/\/schema.org\/CreativeWork\" ><div class=\"iconbox_content\"><header class=\"entry-content-header\"><a href='https:\/\/www2.bbs-me.de\/index.php\/berufliches-gymnasium-3\/berufliches-gymnasium-3-2-2-2\/' title='Metalltechnik'  class=\"iconbox_icon heading-color\" aria-hidden='true' data-av_icon='\ue855' data-av_iconfont='entypo-fontello'  style='color:#1eb9bf; ' ><\/a><h3 class='iconbox_content_title  '  itemprop=\"headline\"  ><a href='https:\/\/www2.bbs-me.de\/index.php\/berufliches-gymnasium-3\/berufliches-gymnasium-3-2-2-2\/' title='Metalltechnik' >Metalltechnik<\/a><\/h3><\/header><div class='iconbox_content_container  '  itemprop=\"text\"  ><\/div><\/div><footer class=\"entry-footer\"><\/footer><\/article>\n<\/div><\/div><div class=\"flex_cell no_margin av_one_fourth  avia-builder-el-13  el_after_av_cell_one_fourth  avia-builder-el-last   \"  style='vertical-align:top; padding:30px; ' ><div class='flex_cell_inner' ><article  class=\"iconbox iconbox_left    avia-builder-el-14  avia-builder-el-no-sibling  \"  itemscope=\"itemscope\" itemtype=\"https:\/\/schema.org\/CreativeWork\" ><div class=\"iconbox_content\"><header class=\"entry-content-header\"><div class=\"iconbox_icon heading-color\" aria-hidden='true' data-av_icon='\ue821' data-av_iconfont='entypo-fontello'  style='color:#878787; ' ><\/div><h3 class='iconbox_content_title  '  itemprop=\"headline\"  ><a href='https:\/\/www2.bbs-me.de\/index.php\/berufliches-gymnasium-2\/bautechnik\/' title='Bautechnik'  >Bautechnik<\/a><\/h3><\/header><div class='iconbox_content_container  '  itemprop=\"text\"  ><\/div><\/div><footer class=\"entry-footer\"><\/footer><\/article>\n<\/div><\/div>\n<\/div>\n<div id='av-layout-grid-4'  class='av-layout-grid-container entry-content-wrapper header_color av-flex-cells   av-border-top-bottom av-border-cells  avia-builder-el-15  el_after_av_layout_row  avia-builder-el-last  submenu-not-first container_wrap sidebar_right' style=' '  >\n<div class=\"flex_cell no_margin av_one_full  avia-builder-el-16  avia-builder-el-no-sibling   \"  style='vertical-align:top; padding:19px 10px 10px 41px ; ' ><div class='flex_cell_inner' ><p><div class=\"flex_column av_one_full  flex_column_div first  avia-builder-el-17  el_before_av_hr  avia-builder-el-first  \" ><section class=\"av_textblock_section \"  itemscope=\"itemscope\" itemtype=\"https:\/\/schema.org\/CreativeWork\" ><div class='avia_textblock  '   itemprop=\"text\" ><h2>Allgemeines<\/h2>\n<p>Das Unterrichtsfach Technik Theorie ist das 1. Abiturpr\u00fcfungsfach des Beruflichen Gymnasiums Technik. Es ist das Fach, mit dem wir uns von den allgemeinbildenden Schulen abheben. Nach drei Schuljahren in Theorie und Praxis hat man fundierte Kenntnisse in dem jeweiligen Schwerpunkt, hat man sehr gute Voraussetzungen das Studium zu bestehen. Wenn man an der bbs|me z. B. Elektrotechnik als Schwerpunkt gew\u00e4hlt hat, kann man umfangreiche elektrotechnische Schaltpl\u00e4ne lesen, analysieren, verstehen und erweitern. Zus\u00e4tzlich baut man im Praxisunterricht diese Schaltungen auf, man l\u00f6tet oder steckt sie, d. h. man verzahnt Theorie und Praxis. Nat\u00fcrlich gilt das f\u00fcr die anderen Schwerpunkte Bautechnik, Gestaltungs- und Medientechnik und Metalltechnik ebenso.<\/p>\n<h3>Unterricht<\/h3>\n<p>Der Unterricht wird in der einj\u00e4hrigen Einf\u00fchrungsphase und in der zweij\u00e4hrigen Qualifikationsphase vierst\u00fcndig pro Woche in Theorie und zweist\u00fcndig in Praxis erteilt. Neben den Schwerpunkten Elektrotechnik und Metalltechnik werden noch die Schwerpunkte Bautechnik und Gestaltungs- und Medientechnik angeboten. Hierbei kooperiert die bbs|me mit der BBS3, einer Nachbarschule, und der MMBBS am Kronsberg. Der Unterricht f\u00fcr diese beiden Schwerpunkte wird an der jeweiligen Schule gegeben. Beim Technikunterricht wird grunds\u00e4tzlich darauf geachtet, dass der Theorieunterricht und der Praxisunterricht verzahnt sind. Die Praxisunterrichtszeit kann sp\u00e4ter f\u00fcr eine Praktikumszeit angerechnet werden.<\/p>\n<h3>Ziele und Inhalte<\/h3>\n<p>Ziele dieses Technikunterrichts sind:<br \/>\n&#8211; Interesse, im Idealfall Begeisterung f\u00fcr Technik zu wecken<br \/>\n&#8211; in die Denk- und Vorgehensweise ingenieurberuflichen Handelns einzuf\u00fchren<br \/>\n&#8211; auf ein technisch-naturwissenschaftliches Studium vorzubereiten<br \/>\n&#8211; durch den Praxisunterricht auch Fertigkeiten mit zugeben<br \/>\nDie weiteren Ziele und Inhalte des Technikunterrichts sind vom Land Niedersachsen durch die Rahmenrichtlinien \u201eTechnik\u201c festgelegt.<\/p>\n<h3>Einf\u00fchrungsphase &#8211; Jahrgang 11<\/h3>\n<p>Damit die Sch\u00fcler*innen nicht nur aus dem Bauch heraus entscheiden m\u00fcssen, sondern begr\u00fcndet entscheiden k\u00f6nnen, welchen Schwerpunkt sie w\u00e4hlen, muss jede*r Sch\u00fcler*in in drei Technikschwerpunkte &#8220;hineinschnuppern\u201c, d. h. die Sch\u00fcler*innen w\u00e4hlen bei der Anmeldung an der bbs|me drei Technik-Schwerpunkte aus, in die sie f\u00fcr je ca. zwei Monate im 11. Jahrgang einen Einblick erhalten. Am Ende des dritten Quartals w\u00e4hlen sie dann f\u00fcr die verbleibende Zeit in 11 und f\u00fcr die Qualifikationsphase einen ihrer besuchten Technikschwerpunkte aus.<br \/>\nIn der Einf\u00fchrungsphase, also in der Klasse 11, sind in allen Technikschwerpunkten dieselben Lerngebiete vorgeschrieben. Dies sind:<br \/>\nLerngebiet T1: Technische Informationen nutzen und erstellen<br \/>\nLerngebiet T2: Technische Systeme hinsichtlich Aufbau und Funktion analysieren<br \/>\nLerngebiet T3: Technische Produkte entwerfen und deren Herstellung planen<\/p>\n<h3>Qualifikationsphase \u2013 Jahrgang 12 und 13<\/h3>\n<p>Mit der Wahl (ca. um Ostern) im 11. Jahrgang haben die Sch\u00fcler*innen ihren Technikschwerpunkt festgelegt. Im Jahrgang 12 wird der Unterricht im Fach Technik, wie in allen anderen F\u00e4chern, (Kursen) in Schulhalbjahren erteilt. Unterrichtet wird vier Stunden Theorie und zwei Stunden Praxis pro Woche. Praxis wird dabei alle 14 Tage vierst\u00fcndig unterrichtet.<\/p>\n<h3>Projektarbeit<\/h3>\n<p>Im 12. Jahrgang m\u00fcssen alle Sch\u00fcler*innen ihre Projektarbeit schreiben. Damit das Schreiben der Arbeit nicht in Klausurzeiten f\u00e4llt, ist der Bearbeitungszeitraum normalerweise von Anfang Januar bis Mitte Februar. Da aus Kapazit\u00e4tsgr\u00fcnden nicht alle Sch\u00fcler*innen ihre Projektarbeit in Technik schreiben k\u00f6nnen, bieten noch weitere F\u00e4cher eine Facharbeit an. Dieses sind z. B. Physik, Chemie, BVW, Informationsverarbeitung und Mathematik. Die Fach\/Projektarbeit ersetzt eine Klausur in dem jeweiligen Fach. <a href=\"https:\/\/www2.bbs-me.de\/index.php\/berufliches-gymnasium-2-2-2\/\">Hier finden Sie ein Beispiel.<\/a><\/p>\n<\/div><\/section><\/div><div   class='hr hr-default   avia-builder-el-19  el_after_av_one_full  el_before_av_one_full '><span class='hr-inner ' ><span class='hr-inner-style'><\/span><\/span><\/div><br \/>\n<div class=\"flex_column av_one_full  flex_column_div first  avia-builder-el-20  el_after_av_hr  el_before_av_hr  \" ><section class=\"av_textblock_section \"  itemscope=\"itemscope\" itemtype=\"https:\/\/schema.org\/CreativeWork\" ><div class='avia_textblock  '  style='font-size:20px; '  itemprop=\"text\" ><h3>Downloadbereich<\/h3>\n<\/div><\/section><br \/>\n<div  class='avia-icon-list-container   avia-builder-el-22  el_after_av_textblock  avia-builder-el-last '><ul class='avia-icon-list avia-icon-list-left av-iconlist-small avia_animate_when_almost_visible avia-iconlist-animate'>\n<li><a href='https:\/\/www2.bbs-me.de\/wp-content\/uploads\/2021\/01\/BGT_Infoabend_Januar_2021.pptx' title='Informationen der bbs|me (*.ppt)'   style='background-color:#ffffff; color:#0271e8; ' class='iconlist_icon  avia-font-entypo-fontello'><span class='iconlist-char ' aria-hidden='true' data-av_icon='\ue82d' data-av_iconfont='entypo-fontello'><\/span><\/a><article class=\"article-icon-entry av-iconlist-empty\"  itemscope=\"itemscope\" itemtype=\"https:\/\/schema.org\/CreativeWork\" ><div class='iconlist_content_wrap'><header class=\"entry-content-header\"><div class='av_iconlist_title iconlist_title_small  av_inherit_color '  itemprop=\"headline\"   style='color:#3d3d3d; '><a href='https:\/\/www2.bbs-me.de\/wp-content\/uploads\/2021\/01\/BGT_Infoabend_Januar_2021.pptx' title='Informationen der bbs|me (*.ppt)'>Informationen der bbs|me (*.ppt)<\/a><\/div><\/header><div class='iconlist_content  '  itemprop=\"text\"  ><\/div><\/div><footer class=\"entry-footer\"><\/footer><\/article><div class='iconlist-timeline'><\/div><\/li>\n<li><a href='https:\/\/www2.bbs-me.de\/index.php\/download\/20692\/' title=' BGT-Flyer'   style='background-color:#ffffff; color:#0271e8; ' class='iconlist_icon  avia-font-entypo-fontello'><span class='iconlist-char ' aria-hidden='true' data-av_icon='\ue82d' data-av_iconfont='entypo-fontello'><\/span><\/a><article class=\"article-icon-entry av-iconlist-empty\"  itemscope=\"itemscope\" itemtype=\"https:\/\/schema.org\/CreativeWork\" ><div class='iconlist_content_wrap'><header class=\"entry-content-header\"><div class='av_iconlist_title iconlist_title_small  av_inherit_color '  itemprop=\"headline\"   style='color:#3d3d3d; '><a href='https:\/\/www2.bbs-me.de\/index.php\/download\/20692\/' title=' BGT-Flyer'> BGT-Flyer<\/a><\/div><\/header><div class='iconlist_content  '  itemprop=\"text\"  ><\/div><\/div><footer class=\"entry-footer\"><\/footer><\/article><div class='iconlist-timeline'><\/div><\/li>\n<\/ul><\/div><\/p><\/div><div  style='height:20px' class='hr hr-invisible   avia-builder-el-23  el_after_av_one_full  avia-builder-el-last '><span class='hr-inner ' ><span class='hr-inner-style'><\/span><\/span><\/div><\/p>\n<\/div><\/div><\/div>\n","protected":false},"excerpt":{"rendered":"","protected":false},"author":46,"featured_media":0,"parent":8644,"menu_order":0,"comment_status":"closed","ping_status":"closed","template":"","meta":{"footnotes":""},"page_category":[],"yoast_head":"<!-- This site is optimized with the Yoast SEO plugin v22.8 - https:\/\/yoast.com\/wordpress\/plugins\/seo\/ -->\n<title>Berufliches Gymnasium Technik - Schwerpunkte - bbs|me<\/title>\n<meta name=\"robots\" content=\"index, follow, max-snippet:-1, max-image-preview:large, max-video-preview:-1\" \/>\n<link rel=\"canonical\" href=\"https:\/\/www2.bbs-me.de\/index.php\/berufliches-gymnasium-3\/berufliches-gymnasium-2-2-2\/\" \/>\n<meta property=\"og:locale\" content=\"de_DE\" \/>\n<meta property=\"og:type\" content=\"article\" \/>\n<meta property=\"og:title\" content=\"Berufliches Gymnasium Technik - Schwerpunkte - bbs|me\" \/>\n<meta property=\"og:url\" content=\"https:\/\/www2.bbs-me.de\/index.php\/berufliches-gymnasium-3\/berufliches-gymnasium-2-2-2\/\" \/>\n<meta property=\"og:site_name\" content=\"bbs|me\" \/>\n<meta property=\"article:modified_time\" content=\"2024-11-10T11:50:15+00:00\" \/>\n<meta name=\"twitter:card\" content=\"summary_large_image\" \/>\n<meta name=\"twitter:label1\" content=\"Gesch\u00e4tzte Lesezeit\" \/>\n\t<meta name=\"twitter:data1\" content=\"4\u00a0Minuten\" \/>\n<script type=\"application\/ld+json\" class=\"yoast-schema-graph\">{\"@context\":\"https:\/\/schema.org\",\"@graph\":[{\"@type\":\"WebPage\",\"@id\":\"https:\/\/www2.bbs-me.de\/index.php\/berufliches-gymnasium-3\/berufliches-gymnasium-2-2-2\/\",\"url\":\"https:\/\/www2.bbs-me.de\/index.php\/berufliches-gymnasium-3\/berufliches-gymnasium-2-2-2\/\",\"name\":\"Berufliches Gymnasium Technik - Schwerpunkte - bbs|me\",\"isPartOf\":{\"@id\":\"https:\/\/www2.bbs-me.de\/#website\"},\"datePublished\":\"2017-01-20T07:32:29+00:00\",\"dateModified\":\"2024-11-10T11:50:15+00:00\",\"breadcrumb\":{\"@id\":\"https:\/\/www2.bbs-me.de\/index.php\/berufliches-gymnasium-3\/berufliches-gymnasium-2-2-2\/#breadcrumb\"},\"inLanguage\":\"de\",\"potentialAction\":[{\"@type\":\"ReadAction\",\"target\":[\"https:\/\/www2.bbs-me.de\/index.php\/berufliches-gymnasium-3\/berufliches-gymnasium-2-2-2\/\"]}]},{\"@type\":\"BreadcrumbList\",\"@id\":\"https:\/\/www2.bbs-me.de\/index.php\/berufliches-gymnasium-3\/berufliches-gymnasium-2-2-2\/#breadcrumb\",\"itemListElement\":[{\"@type\":\"ListItem\",\"position\":1,\"name\":\"Startseite\",\"item\":\"https:\/\/www2.bbs-me.de\/\"},{\"@type\":\"ListItem\",\"position\":2,\"name\":\"Berufliches Gymnasium Technik &#8211; in drei Jahren zum Abitur &#8211; in Hannover\",\"item\":\"https:\/\/www2.bbs-me.de\/index.php\/berufliches-gymnasium-3\/\"},{\"@type\":\"ListItem\",\"position\":3,\"name\":\"Berufliches Gymnasium Technik &#8211; Schwerpunkte\"}]},{\"@type\":\"WebSite\",\"@id\":\"https:\/\/www2.bbs-me.de\/#website\",\"url\":\"https:\/\/www2.bbs-me.de\/\",\"name\":\"bbs|me\",\"description\":\"Otto-Brenner-Schule - Berufsbildende Schule Metalltechnik \u2022 Elektrotechnik der Region Hannover\",\"potentialAction\":[{\"@type\":\"SearchAction\",\"target\":{\"@type\":\"EntryPoint\",\"urlTemplate\":\"https:\/\/www2.bbs-me.de\/?s={search_term_string}\"},\"query-input\":\"required name=search_term_string\"}],\"inLanguage\":\"de\"}]}<\/script>\n<!-- \/ Yoast SEO plugin. -->","yoast_head_json":{"title":"Berufliches Gymnasium Technik - Schwerpunkte - bbs|me","robots":{"index":"index","follow":"follow","max-snippet":"max-snippet:-1","max-image-preview":"max-image-preview:large","max-video-preview":"max-video-preview:-1"},"canonical":"https:\/\/www2.bbs-me.de\/index.php\/berufliches-gymnasium-3\/berufliches-gymnasium-2-2-2\/","og_locale":"de_DE","og_type":"article","og_title":"Berufliches Gymnasium Technik - Schwerpunkte - bbs|me","og_url":"https:\/\/www2.bbs-me.de\/index.php\/berufliches-gymnasium-3\/berufliches-gymnasium-2-2-2\/","og_site_name":"bbs|me","article_modified_time":"2024-11-10T11:50:15+00:00","twitter_card":"summary_large_image","twitter_misc":{"Gesch\u00e4tzte Lesezeit":"4\u00a0Minuten"},"schema":{"@context":"https:\/\/schema.org","@graph":[{"@type":"WebPage","@id":"https:\/\/www2.bbs-me.de\/index.php\/berufliches-gymnasium-3\/berufliches-gymnasium-2-2-2\/","url":"https:\/\/www2.bbs-me.de\/index.php\/berufliches-gymnasium-3\/berufliches-gymnasium-2-2-2\/","name":"Berufliches Gymnasium Technik - Schwerpunkte - bbs|me","isPartOf":{"@id":"https:\/\/www2.bbs-me.de\/#website"},"datePublished":"2017-01-20T07:32:29+00:00","dateModified":"2024-11-10T11:50:15+00:00","breadcrumb":{"@id":"https:\/\/www2.bbs-me.de\/index.php\/berufliches-gymnasium-3\/berufliches-gymnasium-2-2-2\/#breadcrumb"},"inLanguage":"de","potentialAction":[{"@type":"ReadAction","target":["https:\/\/www2.bbs-me.de\/index.php\/berufliches-gymnasium-3\/berufliches-gymnasium-2-2-2\/"]}]},{"@type":"BreadcrumbList","@id":"https:\/\/www2.bbs-me.de\/index.php\/berufliches-gymnasium-3\/berufliches-gymnasium-2-2-2\/#breadcrumb","itemListElement":[{"@type":"ListItem","position":1,"name":"Startseite","item":"https:\/\/www2.bbs-me.de\/"},{"@type":"ListItem","position":2,"name":"Berufliches Gymnasium Technik &#8211; in drei Jahren zum Abitur &#8211; in Hannover","item":"https:\/\/www2.bbs-me.de\/index.php\/berufliches-gymnasium-3\/"},{"@type":"ListItem","position":3,"name":"Berufliches Gymnasium Technik &#8211; Schwerpunkte"}]},{"@type":"WebSite","@id":"https:\/\/www2.bbs-me.de\/#website","url":"https:\/\/www2.bbs-me.de\/","name":"bbs|me","description":"Otto-Brenner-Schule - Berufsbildende Schule Metalltechnik \u2022 Elektrotechnik der Region Hannover","potentialAction":[{"@type":"SearchAction","target":{"@type":"EntryPoint","urlTemplate":"https:\/\/www2.bbs-me.de\/?s={search_term_string}"},"query-input":"required name=search_term_string"}],"inLanguage":"de"}]}},"publishpress_future_action":{"enabled":false,"date":"2026-04-12 20:37:48","action":"change-status","newStatus":"draft","terms":[],"taxonomy":"page_category"},"_links":{"self":[{"href":"https:\/\/www2.bbs-me.de\/index.php\/wp-json\/wp\/v2\/pages\/9755"}],"collection":[{"href":"https:\/\/www2.bbs-me.de\/index.php\/wp-json\/wp\/v2\/pages"}],"about":[{"href":"https:\/\/www2.bbs-me.de\/index.php\/wp-json\/wp\/v2\/types\/page"}],"author":[{"embeddable":true,"href":"https:\/\/www2.bbs-me.de\/index.php\/wp-json\/wp\/v2\/users\/46"}],"replies":[{"embeddable":true,"href":"https:\/\/www2.bbs-me.de\/index.php\/wp-json\/wp\/v2\/comments?post=9755"}],"version-history":[{"count":30,"href":"https:\/\/www2.bbs-me.de\/index.php\/wp-json\/wp\/v2\/pages\/9755\/revisions"}],"predecessor-version":[{"id":28634,"href":"https:\/\/www2.bbs-me.de\/index.php\/wp-json\/wp\/v2\/pages\/9755\/revisions\/28634"}],"up":[{"embeddable":true,"href":"https:\/\/www2.bbs-me.de\/index.php\/wp-json\/wp\/v2\/pages\/8644"}],"wp:attachment":[{"href":"https:\/\/www2.bbs-me.de\/index.php\/wp-json\/wp\/v2\/media?parent=9755"}],"wp:term":[{"taxonomy":"page_category","embeddable":true,"href":"https:\/\/www2.bbs-me.de\/index.php\/wp-json\/wp\/v2\/page_category?post=9755"}],"curies":[{"name":"wp","href":"https:\/\/api.w.org\/{rel}","templated":true}]}}